{"id":6999,"date":"2018-10-22T16:21:35","date_gmt":"2018-10-22T14:21:35","guid":{"rendered":"https:\/\/ziehl-mewa.de\/furniture-fittings\/"},"modified":"2023-04-03T10:36:00","modified_gmt":"2023-04-03T08:36:00","slug":"furniture-fittings","status":"publish","type":"page","link":"https:\/\/ziehl-mewa.de\/en\/furniture-fittings\/","title":{"rendered":"Furniture fittings"},"content":{"rendered":"<section class=\"l-section wpb_row header-image-container height_medium width_full\"><div class=\"l-section-h i-cf\"><div class=\"g-cols vc_row via_grid cols_1 laptops-cols_inherit tablets-cols_inherit mobiles-cols_1 valign_top type_default stacking_default\"><div class=\"wpb_column vc_column_container\"><div class=\"vc_column-inner\"><div class=\"w-image align_none\"><div class=\"w-image-h\"><img width=\"3840\" height=\"1003\" src=\"https:\/\/ziehl-mewa.de\/wp-content\/uploads\/2018\/10\/rohrgestellbau-header.jpg\" class=\"attachment-full size-full\" alt=\"\" decoding=\"async\" loading=\"lazy\" srcset=\"https:\/\/ziehl-mewa.de\/wp-content\/uploads\/2018\/10\/rohrgestellbau-header.jpg 3840w, https:\/\/ziehl-mewa.de\/wp-content\/uploads\/2018\/10\/rohrgestellbau-header-300x78.jpg 300w, https:\/\/ziehl-mewa.de\/wp-content\/uploads\/2018\/10\/rohrgestellbau-header-1024x267.jpg 1024w, https:\/\/ziehl-mewa.de\/wp-content\/uploads\/2018\/10\/rohrgestellbau-header-600x157.jpg 600w, https:\/\/ziehl-mewa.de\/wp-content\/uploads\/2018\/10\/rohrgestellbau-header-536x140.jpg 536w\" sizes=\"(max-width: 3840px) 100vw, 3840px\" \/><\/div><\/div><\/div><\/div><\/div><\/div><\/section><section class=\"l-section wpb_row us_custom_d5e041f5 height_medium\"><div class=\"l-section-h i-cf\"><div class=\"g-cols vc_row via_grid cols_1 laptops-cols_inherit tablets-cols_inherit mobiles-cols_1 valign_top type_default stacking_default\"><div class=\"wpb_column vc_column_container\"><div class=\"vc_column-inner\"><div class=\"wpb_text_column\"><div class=\"wpb_wrapper\"><h1><strong>FURNITURE FITTINGS<\/strong><\/h1>\n<\/div><\/div><div class=\"g-cols wpb_row via_grid cols_1 laptops-cols_inherit tablets-cols_inherit mobiles-cols_1 valign_top type_default stacking_default\"><div class=\"wpb_column vc_column_container\"><div class=\"vc_column-inner\"><div class=\"wpb_text_column\"><div class=\"wpb_wrapper\"><p>The business unit fittings is a partner of the furniture industry and hardware dealers since decades<\/p>\n<p>The high standard of quality, the short delivery terms and innovative cooperative product development are keys po our success.<\/p>\n<p>Our production range includes a standard program as well as special developed products for our costumers.<\/p>\n<\/div><\/div><\/div><\/div><\/div><\/div><\/div><\/div><\/div><\/section><section class=\"l-section wpb_row us_custom_1aedb1e2 height_medium\"><div class=\"l-section-h i-cf\"><div class=\"g-cols vc_row via_grid cols_1 laptops-cols_inherit tablets-cols_inherit mobiles-cols_1 valign_bottom type_default stacking_default\"><div class=\"wpb_column vc_column_container\"><div class=\"vc_column-inner\"><div class=\"w-separator gradient-line-whitebg no-top-margin gradient-width-300 size_small with_line width_screen thick_2 style_solid color_border align_left with_text with_content\"><div class=\"w-separator-h\"><h2 class=\"w-separator-text\"><span>PRODUCTS Furniture fittings<\/span><\/h2><\/div><\/div><div class=\"wpb_text_column\"><div class=\"wpb_wrapper\"><p>Here you get a small insight into the different product groups.<\/p>\n<\/div><\/div><\/div><\/div><\/div><\/div><\/section><!-- Row Backgrounds --><div class=\"upb_color\" data-bg-override=\"full\" data-bg-color=\"#f2f2f2\" data-fadeout=\"\" data-fadeout-percentage=\"30\" data-parallax-content=\"\" data-parallax-content-sense=\"30\" data-row-effect-mobile-disable=\"true\" data-img-parallax-mobile-disable=\"true\" data-rtl=\"false\"  data-custom-vc-row=\"\"  data-vc=\"6.10.0\"  data-is_old_vc=\"\"  data-theme-support=\"\"   data-overlay=\"false\" data-overlay-color=\"\" data-overlay-pattern=\"\" data-overlay-pattern-opacity=\"\" data-overlay-pattern-size=\"\"    ><\/div><section class=\"l-section wpb_row us_custom_558fb458 col-padding-25 list-style height_medium\"><div class=\"l-section-h i-cf\"><div class=\"g-cols vc_row via_grid cols_2 laptops-cols_inherit tablets-cols_inherit mobiles-cols_1 valign_top type_default stacking_default\"><div class=\"wpb_column vc_column_container col-50-50\"><div class=\"vc_column-inner\"><div class=\"wpb_text_column\"><div class=\"wpb_wrapper\"><h3 style=\"text-align: left;\">Drawerslides<\/h3>\n<p>Ball bearing slides-simple extension<\/p>\n<ul>\n<li>ball bearing slides<\/li>\n<li>lateral assembly<\/li>\n<li>to extract in two direction<\/li>\n<li>with angular profile<\/li>\n<li>length from 180 -1000 mm<\/li>\n<li>other lengths on request<\/li>\n<\/ul>\n<\/div><\/div><div class=\"wpb_text_column margin-bottom-5\"><div class=\"wpb_wrapper\"><p><strong>Roller runner systems-partial extension<\/strong><\/p>\n<\/div><\/div><div class=\"wpb_text_column margin-reset\"><div class=\"wpb_wrapper\"><ul>\n<li>lateral assembly<\/li>\n<li>bottom and lateral assembly<\/li>\n<li>with or without self closing system\n<ul>\n<li>with front fixing plate<\/li>\n<li>with quick mounting<\/li>\n<li>as height adjustable keyboard drawer<\/li>\n<\/ul>\n<\/li>\n<li>load capacity according to typ 300 &#8211; 1000 N<\/li>\n<li>installation length according to typ 280 \u2013 1000 mm<\/li>\n<li>Stainless steel slides on request<\/li>\n<\/ul>\n<\/div><\/div><div class=\"wpb_text_column margin-bottom-5\"><div class=\"wpb_wrapper\"><p><strong>Full extension runner<\/strong><\/p>\n<\/div><\/div><div class=\"wpb_text_column\"><div class=\"wpb_wrapper\"><ul>\n<li>with or without self closing system<\/li>\n<li>with bottom and lateral assembly<\/li>\n<li>N load capacity according to typ 500 or 1000N<\/li>\n<li>installation length 250 \u2013 1000 mm<\/li>\n<li>stainless steel slides on request<\/li>\n<\/ul>\n<\/div><\/div><div class=\"w-btn-wrapper align_none\"><a class=\"w-btn us-btn-style_1 us_custom_a5c88937\" title=\"View drawerslides - catalogue\" target=\"_blank\" href=\"\/wp-content\/uploads\/2018\/10\/schubladenfuehrungen.pdf\" rel=\"noopener\"><span class=\"w-btn-label\">View catalogue<\/span><\/a><\/div><\/div><\/div><div class=\"wpb_column vc_column_container col-50-50\"><div class=\"vc_column-inner\"><div class=\"ult-content-box-container product-box no-margin\" >\t<a class=\"ult-content-box-anchor\" href=\"\/wp-content\/uploads\/2018\/10\/schubladenfuehrungen.pdf\" title=\"Schubladenf\u00fchrungen - Katalog anschauen\" target=\"_blank\" rel=\"noopener\" >\t\t<div class=\"ult-content-box\" style=\"background-color:#b5b0a1;box-shadow: px px px px none;border-style:solid;border-width:0px;border-radius:175px;-webkit-transition: all 700ms ease;-moz-transition: all 700ms ease;-ms-transition: all 700ms ease;-o-transition: all 700ms ease;transition: all 700ms ease;\"  data-hover_bg_color=\"#2f3234\"  data-hover_box_shadow=\"none\"     data-bg=\"#b5b0a1\"  data-border_color=\"\" ><div class=\"w-image align_center\"><div class=\"w-image-h\"><img height=\"140\" src=\"https:\/\/ziehl-mewa.de\/wp-content\/uploads\/2018\/10\/icon-usp-light.svg\" class=\"attachment-us_0_140_crop size-us_0_140_crop\" alt=\"\" decoding=\"async\" loading=\"lazy\" \/><\/div><\/div><div class=\"wpb_text_column\"><div class=\"wpb_wrapper\"><p style=\"text-align: center;\">Drawerslides<\/p>\n<\/div><\/div>\t\t<\/div>\t<\/a><\/div><\/div><\/div><\/div><\/div><\/section><section class=\"l-section wpb_row us_custom_558fb458 col-padding-25 list-style height_medium\"><div class=\"l-section-h i-cf\"><div class=\"g-cols vc_row via_grid cols_2 laptops-cols_inherit tablets-cols_inherit mobiles-cols_1 valign_top type_default stacking_default\"><div class=\"wpb_column vc_column_container col-50-50\"><div class=\"vc_column-inner\"><div class=\"wpb_text_column\"><div class=\"wpb_wrapper\"><h3>Sliding door fittings<\/h3>\n<p>In this part you find fittings to move doors for furniture.<\/p>\n<ul>\n<li>Cupboard sliding door fittings for bottom and top running doors<\/li>\n<li>glass door sliding fittings<\/li>\n<li>show room fittings<\/li>\n<li>pocket door and flipper door systems<\/li>\n<\/ul>\n<\/div><\/div><div class=\"w-btn-wrapper align_none\"><a class=\"w-btn us-btn-style_1 us_custom_a5c88937\" title=\"View sliding door fittings - catalogue\" target=\"_blank\" href=\"\/wp-content\/uploads\/2018\/10\/schiebetuerenbeschlaege.pdf\" rel=\"noopener\"><span class=\"w-btn-label\">View catalogue<\/span><\/a><\/div><\/div><\/div><div class=\"wpb_column vc_column_container col-50-50\"><div class=\"vc_column-inner\"><div class=\"ult-content-box-container product-box no-margin\" >\t<a class=\"ult-content-box-anchor\" href=\"\/wp-content\/uploads\/2018\/10\/schiebetuerenbeschlaege.pdf\" title=\"Schiebet\u00fcrenbeschl\u00e4ge - Katalog anschauen\" target=\"_blank\" rel=\"noopener\" >\t\t<div class=\"ult-content-box\" style=\"background-color:#b5b0a1;box-shadow: px px px px none;border-style:solid;border-width:0px;border-radius:175px;-webkit-transition: all 700ms ease;-moz-transition: all 700ms ease;-ms-transition: all 700ms ease;-o-transition: all 700ms ease;transition: all 700ms ease;\"  data-hover_bg_color=\"#2f3234\"  data-hover_box_shadow=\"none\"     data-bg=\"#b5b0a1\"  data-border_color=\"\" ><div class=\"w-image align_center\"><div class=\"w-image-h\"><img height=\"140\" src=\"https:\/\/ziehl-mewa.de\/wp-content\/uploads\/2018\/10\/icon-usp-light.svg\" class=\"attachment-us_0_140_crop size-us_0_140_crop\" alt=\"\" decoding=\"async\" loading=\"lazy\" \/><\/div><\/div><div class=\"wpb_text_column\"><div class=\"wpb_wrapper\"><p style=\"text-align: center;\">Sliding door fittings<\/p>\n<\/div><\/div>\t\t<\/div>\t<\/a><\/div><\/div><\/div><\/div><\/div><\/section><section class=\"l-section wpb_row us_custom_558fb458 col-padding-25 list-style height_medium\"><div class=\"l-section-h i-cf\"><div class=\"g-cols vc_row via_grid cols_2 laptops-cols_inherit tablets-cols_inherit mobiles-cols_1 valign_top type_default stacking_default\"><div class=\"wpb_column vc_column_container col-50-50\"><div class=\"vc_column-inner\"><div class=\"wpb_text_column\"><div class=\"wpb_wrapper\"><h3>TV Consoles, universal turntables<\/h3>\n<p>This part showes TV-swivels and turn-tables.<\/p>\n<ul>\n<li>Patical extension TV consoles with small or large rotating plate<\/li>\n<li>Full extension TV consoles with small or large rotating plate<\/li>\n<li>als Einfachauszug:\n<ul>\n<li>to extract in two direction<\/li>\n<li>load capacity<\/li>\n<li>swivel platform provided with or without a hole through which cables can be fed<\/li>\n<li>load capacity according 200N or 400N<\/li>\n<\/ul>\n<\/li>\n<\/ul>\n<\/div><\/div><div class=\"w-btn-wrapper align_none\"><a class=\"w-btn us-btn-style_1 us_custom_a5c88937\" title=\"View TV Consoles - catalogue\" target=\"_blank\" href=\"\/wp-content\/uploads\/2018\/10\/fernsehauszuege.pdf\" rel=\"noopener\"><span class=\"w-btn-label\">View catalogue<\/span><\/a><\/div><\/div><\/div><div class=\"wpb_column vc_column_container col-50-50\"><div class=\"vc_column-inner\"><div class=\"ult-content-box-container product-box no-margin\" >\t<a class=\"ult-content-box-anchor\" href=\"\/wp-content\/uploads\/2018\/10\/fernsehauszuege.pdf\" title=\"Fernsehausz\u00fcge - Katalog anschauen\" target=\"_blank\" rel=\"noopener\" >\t\t<div class=\"ult-content-box\" style=\"background-color:#b5b0a1;box-shadow: px px px px none;border-style:solid;border-width:0px;border-radius:175px;-webkit-transition: all 700ms ease;-moz-transition: all 700ms ease;-ms-transition: all 700ms ease;-o-transition: all 700ms ease;transition: all 700ms ease;\"  data-hover_bg_color=\"#2f3234\"  data-hover_box_shadow=\"none\"     data-bg=\"#b5b0a1\"  data-border_color=\"\" ><div class=\"w-image align_center\"><div class=\"w-image-h\"><img height=\"140\" src=\"https:\/\/ziehl-mewa.de\/wp-content\/uploads\/2018\/10\/icon-usp-light.svg\" class=\"attachment-us_0_140_crop size-us_0_140_crop\" alt=\"\" decoding=\"async\" loading=\"lazy\" \/><\/div><\/div><div class=\"wpb_text_column\"><div class=\"wpb_wrapper\"><p style=\"text-align: center;\">TV Consoles,<br \/>\nuniversal turntables<\/p>\n<\/div><\/div>\t\t<\/div>\t<\/a><\/div><\/div><\/div><\/div><\/div><\/section><section class=\"l-section wpb_row us_custom_558fb458 col-padding-25 list-style height_medium\"><div class=\"l-section-h i-cf\"><div class=\"g-cols vc_row via_grid cols_2 laptops-cols_inherit tablets-cols_inherit mobiles-cols_1 valign_top type_default stacking_default\"><div class=\"wpb_column vc_column_container col-50-50\"><div class=\"vc_column-inner\"><div class=\"wpb_text_column\"><div class=\"wpb_wrapper\"><h3>Interior furniture fittings<\/h3>\n<p>This part showes:<\/p>\n<ul>\n<li>waste seperation system with partial extension and full extension<\/li>\n<li>telescopic hanging rails\n<ul>\n<li>N glide rail at the bottom- load capacity 100 N<\/li>\n<li>ball bearing slide- load capacity 350 N<\/li>\n<li>installation length, version finish 250 \u20131200 mm<\/li>\n<\/ul>\n<\/li>\n<\/ul>\n<\/div><\/div><div class=\"w-btn-wrapper align_none\"><a class=\"w-btn us-btn-style_1 us_custom_a5c88937\" title=\"View Interior furniture fittings - catalogue\" target=\"_blank\" href=\"\/wp-content\/uploads\/2018\/10\/moebelinnenausstattungen-1.pdf\" rel=\"noopener\"><span class=\"w-btn-label\">View catalogue<\/span><\/a><\/div><\/div><\/div><div class=\"wpb_column vc_column_container col-50-50\"><div class=\"vc_column-inner\"><div class=\"ult-content-box-container product-box no-margin\" >\t<a class=\"ult-content-box-anchor\" href=\"\/wp-content\/uploads\/2018\/10\/moebelinnenausstattungen-1.pdf\" title=\"M\u00f6belinnenausstattungen - Katalog anschauen\" target=\"_blank\" rel=\"noopener\" >\t\t<div class=\"ult-content-box\" style=\"background-color:#b5b0a1;box-shadow: px px px px none;border-style:solid;border-width:0px;border-radius:175px;-webkit-transition: all 700ms ease;-moz-transition: all 700ms ease;-ms-transition: all 700ms ease;-o-transition: all 700ms ease;transition: all 700ms ease;\"  data-hover_bg_color=\"#2f3234\"  data-hover_box_shadow=\"none\"     data-bg=\"#b5b0a1\"  data-border_color=\"\" ><div class=\"w-image align_center\"><div class=\"w-image-h\"><img height=\"140\" src=\"https:\/\/ziehl-mewa.de\/wp-content\/uploads\/2018\/10\/icon-usp-light.svg\" class=\"attachment-us_0_140_crop size-us_0_140_crop\" alt=\"\" decoding=\"async\" loading=\"lazy\" \/><\/div><\/div><div class=\"wpb_text_column\"><div class=\"wpb_wrapper\"><p style=\"text-align: center;\">Interior furniture fittings<\/p>\n<\/div><\/div>\t\t<\/div>\t<\/a><\/div><\/div><\/div><\/div><\/div><\/section><section class=\"l-section wpb_row us_custom_558fb458 col-padding-25 list-style height_medium\"><div class=\"l-section-h i-cf\"><div class=\"g-cols vc_row via_grid cols_2 laptops-cols_inherit tablets-cols_inherit mobiles-cols_1 valign_top type_default stacking_default\"><div class=\"wpb_column vc_column_container col-50-50\"><div class=\"vc_column-inner\"><div class=\"wpb_text_column\"><div class=\"wpb_wrapper\"><h3>Upholstery fittings<\/h3>\n<p>This part showes:<\/p>\n<ul>\n<li>levelers<\/li>\n<li>sofa fittings with or without catch<\/li>\n<li>frames of metal<\/li>\n<li>ratchet joint with or without catch<\/li>\n<li>support and running roller<\/li>\n<li>functions \u2013 and connect fittings made by metal<\/li>\n<li>furniture legs<\/li>\n<\/ul>\n<\/div><\/div><div class=\"w-btn-wrapper align_none\"><a class=\"w-btn us-btn-style_1 us_custom_a5c88937\" title=\"View Upholstery fittings - catalogue\" target=\"_blank\" href=\"\/wp-content\/uploads\/2018\/10\/polsterbeschlaege-einzeln.pdf\" rel=\"noopener\"><span class=\"w-btn-label\">View catalogue<\/span><\/a><\/div><\/div><\/div><div class=\"wpb_column vc_column_container col-50-50\"><div class=\"vc_column-inner\"><div class=\"ult-content-box-container product-box no-margin\" >\t<a class=\"ult-content-box-anchor\" href=\"\/wp-content\/uploads\/2018\/10\/polsterbeschlaege-einzeln.pdf\" title=\"Polsterbeschl\u00e4ge - Katalog anschauen\" target=\"_blank\" rel=\"noopener\" >\t\t<div class=\"ult-content-box\" style=\"background-color:#b5b0a1;box-shadow: px px px px none;border-style:solid;border-width:0px;border-radius:175px;-webkit-transition: all 700ms ease;-moz-transition: all 700ms ease;-ms-transition: all 700ms ease;-o-transition: all 700ms ease;transition: all 700ms ease;\"  data-hover_bg_color=\"#2f3234\"  data-hover_box_shadow=\"none\"     data-bg=\"#b5b0a1\"  data-border_color=\"\" ><div class=\"w-image align_center\"><div class=\"w-image-h\"><img height=\"140\" src=\"https:\/\/ziehl-mewa.de\/wp-content\/uploads\/2018\/10\/icon-usp-light.svg\" class=\"attachment-us_0_140_crop size-us_0_140_crop\" alt=\"\" decoding=\"async\" loading=\"lazy\" \/><\/div><\/div><div class=\"wpb_text_column\"><div class=\"wpb_wrapper\"><p style=\"text-align: center;\">Upholstery fittings<\/p>\n<\/div><\/div>\t\t<\/div>\t<\/a><\/div><\/div><\/div><\/div><\/div><\/section><section class=\"l-section wpb_row us_custom_558fb458 col-padding-25 list-style height_medium\"><div class=\"l-section-h i-cf\"><div class=\"g-cols vc_row via_grid cols_2 laptops-cols_inherit tablets-cols_inherit mobiles-cols_1 valign_top type_default stacking_default\"><div class=\"wpb_column vc_column_container col-50-50\"><div class=\"vc_column-inner\"><div class=\"wpb_text_column\"><div class=\"wpb_wrapper\"><h3>Furniture legs<\/h3>\n<ul>\n<li>made from profile tube<\/li>\n<li>made from sheet steel<\/li>\n<\/ul>\n<\/div><\/div><div class=\"w-btn-wrapper align_none\"><a class=\"w-btn us-btn-style_1 us_custom_a5c88937\" title=\"View Furniture legs - catalogue\" target=\"_blank\" href=\"\/wp-content\/uploads\/2018\/10\/moebelfuesse.pdf\" rel=\"noopener\"><span class=\"w-btn-label\">View catalogue<\/span><\/a><\/div><\/div><\/div><div class=\"wpb_column vc_column_container col-50-50\"><div class=\"vc_column-inner\"><div class=\"ult-content-box-container product-box no-margin\" >\t<a class=\"ult-content-box-anchor\" href=\"\/wp-content\/uploads\/2018\/10\/moebelfuesse.pdf\" title=\"M\u00f6belf\u00fc\u00dfe - Katalog anschauen\" target=\"_blank\" rel=\"noopener\" >\t\t<div class=\"ult-content-box\" style=\"background-color:#b5b0a1;box-shadow: px px px px none;border-style:solid;border-width:0px;border-radius:175px;-webkit-transition: all 700ms ease;-moz-transition: all 700ms ease;-ms-transition: all 700ms ease;-o-transition: all 700ms ease;transition: all 700ms ease;\"  data-hover_bg_color=\"#2f3234\"  data-hover_box_shadow=\"none\"     data-bg=\"#b5b0a1\"  data-border_color=\"\" ><div class=\"w-image align_center\"><div class=\"w-image-h\"><img height=\"140\" src=\"https:\/\/ziehl-mewa.de\/wp-content\/uploads\/2018\/10\/icon-usp-light.svg\" class=\"attachment-us_0_140_crop size-us_0_140_crop\" alt=\"\" decoding=\"async\" loading=\"lazy\" \/><\/div><\/div><div class=\"wpb_text_column\"><div class=\"wpb_wrapper\"><p style=\"text-align: center;\">Furniture legs<\/p>\n<\/div><\/div>\t\t<\/div>\t<\/a><\/div><\/div><\/div><\/div><\/div><\/section><section class=\"l-section wpb_row us_custom_558fb458 col-padding-25 list-style height_medium\"><div class=\"l-section-h i-cf\"><div class=\"g-cols vc_row via_grid cols_2 laptops-cols_inherit tablets-cols_inherit mobiles-cols_1 valign_top type_default stacking_default\"><div class=\"wpb_column vc_column_container col-50-50\"><div class=\"vc_column-inner\"><div class=\"wpb_text_column\"><div class=\"wpb_wrapper\"><h3>Construction fittings<\/h3>\n<p>This part showes function-fittings and window handles.<\/p>\n<ul>\n<li>sliding gate fittings for load capacity<\/li>\n<li>sliding door fittings for rooms for load capacity 350-750 N<\/li>\n<li>fittings for counters<\/li>\n<li>window handles\n<ul>\n<li>lockable version<\/li>\n<\/ul>\n<\/li>\n<\/ul>\n<\/div><\/div><div class=\"w-btn-wrapper align_none\"><a class=\"w-btn us-btn-style_1 us_custom_a5c88937\" title=\"View Construction fittings - catalogue\" target=\"_blank\" href=\"\/wp-content\/uploads\/2018\/10\/baubeschlaege.pdf\" rel=\"noopener\"><span class=\"w-btn-label\">View catalogue<\/span><\/a><\/div><\/div><\/div><div class=\"wpb_column vc_column_container col-50-50\"><div class=\"vc_column-inner\"><div class=\"ult-content-box-container product-box no-margin\" >\t<a class=\"ult-content-box-anchor\" href=\"\/wp-content\/uploads\/2018\/10\/baubeschlaege.pdf\" title=\"Baubeschl\u00e4ge - Katalog anschauen\" >\t\t<div class=\"ult-content-box\" style=\"background-color:#b5b0a1;box-shadow: px px px px none;border-style:solid;border-width:0px;border-radius:175px;-webkit-transition: all 700ms ease;-moz-transition: all 700ms ease;-ms-transition: all 700ms ease;-o-transition: all 700ms ease;transition: all 700ms ease;\"  data-hover_bg_color=\"#2f3234\"  data-hover_box_shadow=\"none\"     data-bg=\"#b5b0a1\"  data-border_color=\"\" ><div class=\"w-image align_center\"><div class=\"w-image-h\"><img height=\"140\" src=\"https:\/\/ziehl-mewa.de\/wp-content\/uploads\/2018\/10\/icon-usp-light.svg\" class=\"attachment-us_0_140_crop size-us_0_140_crop\" alt=\"\" decoding=\"async\" loading=\"lazy\" \/><\/div><\/div><div class=\"wpb_text_column\"><div class=\"wpb_wrapper\"><p style=\"text-align: center;\">Construction fittings<\/p>\n<\/div><\/div>\t\t<\/div>\t<\/a><\/div><\/div><\/div><\/div><\/div><\/section>\n","protected":false},"excerpt":{"rendered":"FURNITURE FITTINGS The business unit fittings is a partner of the furniture industry and hardware dealers since decades The high standard of quality, the short delivery terms and innovative cooperative product development are keys po our success. Our production range includes a standard program as well as special developed products for our costumers. PRODUCTS Furniture...","protected":false},"author":1,"featured_media":0,"parent":0,"menu_order":0,"comment_status":"closed","ping_status":"closed","template":"","meta":[],"aioseo_notices":[],"_links":{"self":[{"href":"https:\/\/ziehl-mewa.de\/en\/wp-json\/wp\/v2\/pages\/6999"}],"collection":[{"href":"https:\/\/ziehl-mewa.de\/en\/wp-json\/wp\/v2\/pages"}],"about":[{"href":"https:\/\/ziehl-mewa.de\/en\/wp-json\/wp\/v2\/types\/page"}],"author":[{"embeddable":true,"href":"https:\/\/ziehl-mewa.de\/en\/wp-json\/wp\/v2\/users\/1"}],"replies":[{"embeddable":true,"href":"https:\/\/ziehl-mewa.de\/en\/wp-json\/wp\/v2\/comments?post=6999"}],"version-history":[{"count":9,"href":"https:\/\/ziehl-mewa.de\/en\/wp-json\/wp\/v2\/pages\/6999\/revisions"}],"predecessor-version":[{"id":7865,"href":"https:\/\/ziehl-mewa.de\/en\/wp-json\/wp\/v2\/pages\/6999\/revisions\/7865"}],"wp:attachment":[{"href":"https:\/\/ziehl-mewa.de\/en\/wp-json\/wp\/v2\/media?parent=6999"}],"curies":[{"name":"wp","href":"https:\/\/api.w.org\/{rel}","templated":true}]}}