{"id":7085,"date":"2018-10-23T13:16:55","date_gmt":"2018-10-23T11:16:55","guid":{"rendered":"https:\/\/ziehl-mewa.de\/v60\/"},"modified":"2023-04-03T10:36:03","modified_gmt":"2023-04-03T08:36:03","slug":"v60","status":"publish","type":"page","link":"https:\/\/ziehl-mewa.de\/en\/systems-of-office-furniture\/v60\/","title":{"rendered":"V60"},"content":{"rendered":"<section class=\"l-section wpb_row header-image-container height_medium width_full\"><div class=\"l-section-h i-cf\"><div class=\"g-cols vc_row via_grid cols_1 laptops-cols_inherit tablets-cols_inherit mobiles-cols_1 valign_top type_default stacking_default\"><div class=\"wpb_column vc_column_container\"><div class=\"vc_column-inner\"><div class=\"w-image align_none\"><div class=\"w-image-h\"><img width=\"1918\" height=\"501\" src=\"https:\/\/ziehl-mewa.de\/wp-content\/uploads\/2018\/10\/V60.jpg\" class=\"attachment-full size-full\" alt=\"\" decoding=\"async\" loading=\"lazy\" srcset=\"https:\/\/ziehl-mewa.de\/wp-content\/uploads\/2018\/10\/V60.jpg 1918w, https:\/\/ziehl-mewa.de\/wp-content\/uploads\/2018\/10\/V60-300x78.jpg 300w, https:\/\/ziehl-mewa.de\/wp-content\/uploads\/2018\/10\/V60-1024x267.jpg 1024w, https:\/\/ziehl-mewa.de\/wp-content\/uploads\/2018\/10\/V60-600x157.jpg 600w, https:\/\/ziehl-mewa.de\/wp-content\/uploads\/2018\/10\/V60-536x140.jpg 536w\" sizes=\"(max-width: 1918px) 100vw, 1918px\" \/><\/div><\/div><\/div><\/div><\/div><\/div><\/section><section class=\"l-section wpb_row us_custom_50cc7d67 product-header-row height_medium\"><div class=\"l-section-h i-cf\"><div class=\"g-cols vc_row via_grid cols_2 laptops-cols_inherit tablets-cols_inherit mobiles-cols_1 valign_top type_default stacking_default\"><div class=\"wpb_column vc_column_container\"><div class=\"vc_column-inner\"><div class=\"wpb_text_column\"><div class=\"wpb_wrapper\"><h1><strong>V60\u00a0<\/strong>System<\/h1>\n<p>Thanks to its modular design, <strong>V60<\/strong> is versatile in its use. Standard or different freeform plates can be realized. Furthermore, the foot parts in various dimensions and designs are possible and available in rigid and adjustable (120 mm adjustment) execution. Accessories such as cable duct, vertical cable routing and CPU holder can be added as an option.<\/p>\n<\/div><\/div><\/div><\/div><div class=\"wpb_column vc_column_container\"><div class=\"vc_column-inner\"><\/div><\/div><\/div><\/div><\/section><section class=\"l-section wpb_row grey-to-white product-header-row height_medium\"><div class=\"l-section-h i-cf\"><div class=\"g-cols vc_row via_grid cols_2 laptops-cols_inherit tablets-cols_inherit mobiles-cols_1 valign_bottom type_default stacking_default\"><div class=\"wpb_column vc_column_container us_custom_ffa3734e color-white has_bg_color\"><div class=\"vc_column-inner\"><div class=\"wpb_text_column\"><div class=\"wpb_wrapper\"><p><strong>This table system is suitable for:<\/strong><\/p>\n<\/div><\/div><div class=\"uavc-list-icon uavc-list-icon-wrapper ult-adjust-bottom-margin icon-list  vc_custom_1539072052764  vc_custom_1539072052764\"><ul class=\"uavc-list\"><li><div class=\"uavc-list-content\" id=\"list-icon-wrap-7029\">\n<div class=\"uavc-list-icon  \" data-animation=\"\" data-animation-delay=\"03\" style=\"margin-right:5px;\"><div class=\"ult-just-icon-wrapper  \"><div class=\"align-icon\" style=\"text-align:center;\">\n<div class=\"aio-icon none \"  style=\"color:#333333;font-size:12px;display:inline-block;\">\n\t<i class=\"Defaults-check\"><\/i>\n<\/div><\/div><\/div>\n<\/div><span  data-ultimate-target='#list-icon-wrap-7029 .uavc-list-desc'  data-responsive-json-new='{\"font-size\":\"\",\"line-height\":\"\"}'  class=\"uavc-list-desc ult-responsive\" style=\"\">Sit-Sit-Workplace<\/span><\/div><\/li><li><div class=\"uavc-list-content\" id=\"list-icon-wrap-7758\">\n<div class=\"uavc-list-icon  \" data-animation=\"\" data-animation-delay=\"03\" style=\"margin-right:5px;\"><div class=\"ult-just-icon-wrapper  \"><div class=\"align-icon\" style=\"text-align:center;\">\n<div class=\"aio-icon none \"  style=\"color:#333333;font-size:12px;display:inline-block;\">\n\t<i class=\"Defaults-check\"><\/i>\n<\/div><\/div><\/div>\n<\/div><span  data-ultimate-target='#list-icon-wrap-7758 .uavc-list-desc'  data-responsive-json-new='{\"font-size\":\"\",\"line-height\":\"\"}'  class=\"uavc-list-desc ult-responsive\" style=\"\">Conference table<\/span><\/div><\/li><li><div class=\"uavc-list-content\" id=\"list-icon-wrap-6574\">\n<div class=\"uavc-list-icon  \" data-animation=\"\" data-animation-delay=\"03\" style=\"margin-right:5px;\"><div class=\"ult-just-icon-wrapper  \"><div class=\"align-icon\" style=\"text-align:center;\">\n<div class=\"aio-icon none \"  style=\"color:#333333;font-size:12px;display:inline-block;\">\n\t<i class=\"Defaults-check\"><\/i>\n<\/div><\/div><\/div>\n<\/div><span  data-ultimate-target='#list-icon-wrap-6574 .uavc-list-desc'  data-responsive-json-new='{\"font-size\":\"\",\"line-height\":\"\"}'  class=\"uavc-list-desc ult-responsive\" style=\"\">4-leg<\/span><\/div><\/li><\/ul><\/div><\/div><\/div><div class=\"wpb_column vc_column_container box-with-btn\"><div class=\"vc_column-inner\"><div class=\"w-image us_custom_d2199d32 align_center\"><div class=\"w-image-h\"><img width=\"450\" height=\"293\" src=\"https:\/\/ziehl-mewa.de\/wp-content\/uploads\/2018\/10\/V60_A60_H655-775_450x293px.png\" class=\"attachment-us_600_0 size-us_600_0\" alt=\"\" decoding=\"async\" loading=\"lazy\" srcset=\"https:\/\/ziehl-mewa.de\/wp-content\/uploads\/2018\/10\/V60_A60_H655-775_450x293px.png 450w, https:\/\/ziehl-mewa.de\/wp-content\/uploads\/2018\/10\/V60_A60_H655-775_450x293px-300x195.png 300w, https:\/\/ziehl-mewa.de\/wp-content\/uploads\/2018\/10\/V60_A60_H655-775_450x293px-215x140.png 215w\" sizes=\"(max-width: 450px) 100vw, 450px\" \/><\/div><\/div><div class=\"w-btn-wrapper align_center\"><a class=\"w-btn us-btn-style_1 us_custom_a5c88937\" target=\"_blank\" href=\"https:\/\/ziehl-mewa.de\/wp-content\/uploads\/2019\/01\/V60.pdf\" rel=\"noopener\"><span class=\"w-btn-label\">View V60 System product catalogue &gt;<\/span><\/a><\/div><\/div><\/div><\/div><\/div><\/section><section class=\"l-section wpb_row grey-to-white-50-50 height_medium\"><div class=\"l-section-h i-cf\"><div class=\"g-cols vc_row via_grid cols_1 laptops-cols_inherit tablets-cols_inherit mobiles-cols_1 valign_bottom type_default stacking_default\"><div class=\"wpb_column vc_column_container\"><div class=\"vc_column-inner\"><div class=\"wpb_text_column\"><div class=\"wpb_wrapper\"><p>By clicking on the selected program, you can view and save the respective data sheet as a PDF file.<\/p>\n<\/div><\/div><\/div><\/div><\/div><\/div><\/section><section class=\"l-section wpb_row us_custom_532377d0 height_medium\"><div class=\"l-section-h i-cf\"><div class=\"g-cols vc_row via_grid cols_1 laptops-cols_inherit tablets-cols_inherit mobiles-cols_1 valign_bottom type_default stacking_default\"><div class=\"wpb_column vc_column_container\"><div class=\"vc_column-inner\"><div class=\"w-separator gradient-line-whitebg no-top-margin spezi-title size_small with_line width_screen thick_2 style_solid color_border align_left with_text with_content\"><div class=\"w-separator-h\"><h2 class=\"w-separator-text\"><span>TECHNICAL Specifications<\/span><\/h2><\/div><\/div><\/div><\/div><\/div><\/div><\/section><section class=\"l-section wpb_row us_custom_0f8f44b7 spezi-container height_medium\"><div class=\"l-section-h i-cf\"><div class=\"g-cols vc_row via_grid cols_2 laptops-cols_inherit tablets-cols_inherit mobiles-cols_1 valign_top type_default stacking_default\"><div class=\"wpb_column vc_column_container\"><div class=\"vc_column-inner\"><div class=\"wpb_text_column td-width-70\"><div class=\"wpb_wrapper\"><p><strong>TABLE TOP DIMENSIONS<\/strong><\/p>\n<table>\n<tbody>\n<tr>\n<td>length<\/td>\n<td>2400 mm<\/td>\n<\/tr>\n<tr>\n<td>depth<\/td>\n<td>1200 mm<\/td>\n<\/tr>\n<\/tbody>\n<\/table>\n<\/div><\/div><div class=\"wpb_text_column\"><div class=\"wpb_wrapper\"><p><strong>HEIGHT RANGE<\/strong><\/p>\n<p>adjustable height glider 120 mm<\/p>\n<\/div><\/div><div class=\"wpb_text_column td-width-100\"><div class=\"wpb_wrapper\"><p><strong>DIAMETER OF LEGS<\/strong><\/p>\n<table>\n<tbody>\n<tr>\n<td>square<\/td>\n<td><span class=\"fontstyle0\">40&#215;40, 50&#215;50, 60&#215;60 mm<\/span><\/td>\n<\/tr>\n<tr>\n<td>round<\/td>\n<td><span class=\"fontstyle0\">\u00d8 40, \u00d8 50, \u00d8 60 <\/span>mm<\/td>\n<\/tr>\n<\/tbody>\n<\/table>\n<\/div><\/div><div class=\"wpb_text_column\"><div class=\"wpb_wrapper\"><p><strong>FRAME LOADING<\/strong><\/p>\n<p>100 kg with uniform surface load<\/p>\n<\/div><\/div><div class=\"wpb_text_column td-width-130\"><div class=\"wpb_wrapper\"><p><strong>ADJUSTMENT<\/strong><\/p>\n<table>\n<tbody>\n<tr>\n<td>fixed<\/td>\n<td>695 mm<\/td>\n<\/tr>\n<tr>\n<td>height adjuster<\/td>\n<td>655 \u2013 775 mm<\/td>\n<\/tr>\n<\/tbody>\n<\/table>\n<\/div><\/div><div class=\"wpb_text_column\"><div class=\"wpb_wrapper\"><p><strong>COLOUR<\/strong><\/p>\n<p>powder coated according to RAL<\/p>\n<\/div><\/div><\/div><\/div><div class=\"wpb_column vc_column_container\"><div class=\"vc_column-inner\"><div class=\"w-image align_center\"><div class=\"w-image-h\"><img width=\"450\" height=\"293\" src=\"https:\/\/ziehl-mewa.de\/wp-content\/uploads\/2018\/10\/V60_A60_H655-775_450x293px.png\" class=\"attachment-us_600_0 size-us_600_0\" alt=\"\" decoding=\"async\" loading=\"lazy\" srcset=\"https:\/\/ziehl-mewa.de\/wp-content\/uploads\/2018\/10\/V60_A60_H655-775_450x293px.png 450w, https:\/\/ziehl-mewa.de\/wp-content\/uploads\/2018\/10\/V60_A60_H655-775_450x293px-300x195.png 300w, https:\/\/ziehl-mewa.de\/wp-content\/uploads\/2018\/10\/V60_A60_H655-775_450x293px-215x140.png 215w\" sizes=\"(max-width: 450px) 100vw, 450px\" \/><\/div><\/div><\/div><\/div><\/div><\/div><\/section><section class=\"l-section wpb_row product-last-section height_medium with_img\"><div class=\"l-section-img\" data-img-width=\"450\" data-img-height=\"293\" style=\"background-image: url(https:\/\/ziehl-mewa.de\/wp-content\/uploads\/2018\/10\/V60_A60_H655-775_450x293px.png);background-repeat: no-repeat;background-size: contain;\"><\/div><div class=\"l-section-h i-cf\"><div class=\"g-cols vc_row via_grid cols_1 laptops-cols_inherit tablets-cols_inherit mobiles-cols_1 valign_top type_default stacking_default\"><div class=\"wpb_column vc_column_container\"><div class=\"vc_column-inner\"><div class=\"w-btn-wrapper align_center\"><a class=\"w-btn us-btn-style_1 us_custom_a5c88937\" target=\"_blank\" href=\"https:\/\/ziehl-mewa.de\/wp-content\/uploads\/2019\/01\/V60.pdf\" rel=\"noopener\"><span class=\"w-btn-label\">View V60 System product catalogue &gt;<\/span><\/a><\/div><\/div><\/div><\/div><\/div><\/section>\n","protected":false},"excerpt":{"rendered":"V60\u00a0System Thanks to its modular design, V60 is versatile in its use. Standard or different freeform plates can be realized. Furthermore, the foot parts in various dimensions and designs are possible and available in rigid and adjustable (120 mm adjustment) execution. Accessories such as cable duct, vertical cable routing and CPU holder can be added...","protected":false},"author":1,"featured_media":0,"parent":7110,"menu_order":0,"comment_status":"closed","ping_status":"closed","template":"","meta":[],"aioseo_notices":[],"_links":{"self":[{"href":"https:\/\/ziehl-mewa.de\/en\/wp-json\/wp\/v2\/pages\/7085"}],"collection":[{"href":"https:\/\/ziehl-mewa.de\/en\/wp-json\/wp\/v2\/pages"}],"about":[{"href":"https:\/\/ziehl-mewa.de\/en\/wp-json\/wp\/v2\/types\/page"}],"author":[{"embeddable":true,"href":"https:\/\/ziehl-mewa.de\/en\/wp-json\/wp\/v2\/users\/1"}],"replies":[{"embeddable":true,"href":"https:\/\/ziehl-mewa.de\/en\/wp-json\/wp\/v2\/comments?post=7085"}],"version-history":[{"count":6,"href":"https:\/\/ziehl-mewa.de\/en\/wp-json\/wp\/v2\/pages\/7085\/revisions"}],"predecessor-version":[{"id":7883,"href":"https:\/\/ziehl-mewa.de\/en\/wp-json\/wp\/v2\/pages\/7085\/revisions\/7883"}],"up":[{"embeddable":true,"href":"https:\/\/ziehl-mewa.de\/en\/wp-json\/wp\/v2\/pages\/7110"}],"wp:attachment":[{"href":"https:\/\/ziehl-mewa.de\/en\/wp-json\/wp\/v2\/media?parent=7085"}],"curies":[{"name":"wp","href":"https:\/\/api.w.org\/{rel}","templated":true}]}}