{"id":7134,"date":"2018-10-24T12:45:57","date_gmt":"2018-10-24T10:45:57","guid":{"rendered":"https:\/\/ziehl-mewa.de\/imprint\/"},"modified":"2023-04-03T10:36:03","modified_gmt":"2023-04-03T08:36:03","slug":"imprint","status":"publish","type":"page","link":"https:\/\/ziehl-mewa.de\/en\/imprint\/","title":{"rendered":"Imprint"},"content":{"rendered":"<section class=\"l-section wpb_row us_custom_6f79aff8 height_medium\"><div class=\"l-section-h i-cf\"><div class=\"g-cols vc_row via_grid cols_1 laptops-cols_inherit tablets-cols_inherit mobiles-cols_1 valign_top type_default stacking_default\"><div class=\"wpb_column vc_column_container\"><div class=\"vc_column-inner\"><div class=\"wpb_text_column\"><div class=\"wpb_wrapper\"><h1><strong>Impressum<\/strong><\/h1>\n<p>Anschrift:<br \/>\nZIEHL mewa<br \/>\nRohrgestellbau und Beschl\u00e4gefabrik GmbH<br \/>\nLinsenberg 23<br \/>\n06618 Naumburg\/Saale<\/p>\n<p>fon: +49 (3445) 70 92 10<br \/>\nfax: +49 (3445) 70 92 22<\/p>\n<p>info@ziehl-mewa.de<br \/>\nwww.ziehl-mewa.de<\/p>\n<p>Gesch\u00e4ftsf\u00fchrer: Markus Klar<\/p>\n<p>Registergericht: AG Stendal<br \/>\nRegisternummer: HRB: 206583<br \/>\nUmsatzsteuer-ID-Nr. gem\u00e4\u00df \u00a7 27 a UStG: DE 140021 160<br \/>\nInhaltlich Verantwortlicher gem\u00e4\u00df \u00a7 6 MDStV:<br \/>\nMarkus Klar<\/p>\n<p>Gew\u00e4hrleistung:<br \/>\nDie Informationen stellt die Firma ZIEHL mewa ohne jegliche Zusicherung oder Gew\u00e4hrleistung jeder Art, ausdr\u00fccklich oder stillschweigend, zur Verf\u00fcgung. Auch wenn wir davon ausgehen, dass die von uns gegebenen Informationen zutreffend sind, k\u00f6nnen sie dennoch Fehler oder Ungenauigkeiten enthalten.<\/p>\n<\/div><\/div><\/div><\/div><\/div><\/div><\/section>\n","protected":false},"excerpt":{"rendered":"Impressum Anschrift: ZIEHL mewa Rohrgestellbau und Beschl\u00e4gefabrik GmbH Linsenberg 23 06618 Naumburg\/Saale fon: +49 (3445) 70 92 10 fax: +49 (3445) 70 92 22 info@ziehl-mewa.de www.ziehl-mewa.de Gesch\u00e4ftsf\u00fchrer: Markus Klar Registergericht: AG Stendal Registernummer: HRB: 206583 Umsatzsteuer-ID-Nr. gem\u00e4\u00df \u00a7 27 a UStG: DE 140021 160 Inhaltlich Verantwortlicher gem\u00e4\u00df \u00a7 6 MDStV: Markus Klar Gew\u00e4hrleistung: Die Informationen...","protected":false},"author":1,"featured_media":0,"parent":0,"menu_order":0,"comment_status":"closed","ping_status":"closed","template":"","meta":[],"aioseo_notices":[],"_links":{"self":[{"href":"https:\/\/ziehl-mewa.de\/en\/wp-json\/wp\/v2\/pages\/7134"}],"collection":[{"href":"https:\/\/ziehl-mewa.de\/en\/wp-json\/wp\/v2\/pages"}],"about":[{"href":"https:\/\/ziehl-mewa.de\/en\/wp-json\/wp\/v2\/types\/page"}],"author":[{"embeddable":true,"href":"https:\/\/ziehl-mewa.de\/en\/wp-json\/wp\/v2\/users\/1"}],"replies":[{"embeddable":true,"href":"https:\/\/ziehl-mewa.de\/en\/wp-json\/wp\/v2\/comments?post=7134"}],"version-history":[{"count":2,"href":"https:\/\/ziehl-mewa.de\/en\/wp-json\/wp\/v2\/pages\/7134\/revisions"}],"predecessor-version":[{"id":7887,"href":"https:\/\/ziehl-mewa.de\/en\/wp-json\/wp\/v2\/pages\/7134\/revisions\/7887"}],"wp:attachment":[{"href":"https:\/\/ziehl-mewa.de\/en\/wp-json\/wp\/v2\/media?parent=7134"}],"curies":[{"name":"wp","href":"https:\/\/api.w.org\/{rel}","templated":true}]}}