{"id":7149,"date":"2018-10-09T10:49:09","date_gmt":"2018-10-09T08:49:09","guid":{"rendered":"https:\/\/ziehl-mewa.de\/stellenangebote\/"},"modified":"2023-04-03T10:36:04","modified_gmt":"2023-04-03T08:36:04","slug":"job-offers","status":"publish","type":"page","link":"https:\/\/ziehl-mewa.de\/en\/job-offers\/","title":{"rendered":"Job offers"},"content":{"rendered":"<section class=\"l-section wpb_row header-image-container height_medium width_full\"><div class=\"l-section-h i-cf\"><div class=\"g-cols vc_row via_grid cols_1 laptops-cols_inherit tablets-cols_inherit mobiles-cols_1 valign_top type_default stacking_default\"><div class=\"wpb_column vc_column_container\"><div class=\"vc_column-inner\"><div class=\"w-image align_none\"><div class=\"w-image-h\"><img width=\"1920\" height=\"502\" src=\"https:\/\/ziehl-mewa.de\/wp-content\/uploads\/2018\/10\/stellenangebote-header-e1539074989344.jpg\" class=\"attachment-full size-full\" alt=\"\" decoding=\"async\" loading=\"lazy\" \/><\/div><\/div><\/div><\/div><\/div><\/div><\/section><section class=\"l-section wpb_row us_custom_50cc7d67 height_medium\"><div class=\"l-section-h i-cf\"><div class=\"g-cols vc_row via_grid cols_1 laptops-cols_inherit tablets-cols_inherit mobiles-cols_1 valign_top type_default stacking_default\"><div class=\"wpb_column vc_column_container\"><div class=\"vc_column-inner\"><div class=\"wpb_text_column\"><div class=\"wpb_wrapper\"><h1><strong>STELLENANGEBOTE<\/strong><\/h1>\n<\/div><\/div><div class=\"wpb_text_column fs-30\"><div class=\"wpb_wrapper\"><p>Aktuell bieten wir Ihnen folgende Stellen an.<\/p>\n<\/div><\/div><\/div><\/div><\/div><\/div><\/section><section class=\"l-section wpb_row us_custom_d2199d32 grey-to-white height_medium\"><div class=\"l-section-h i-cf\"><div class=\"g-cols vc_row via_grid cols_2 laptops-cols_inherit tablets-cols_inherit mobiles-cols_1 valign_top type_default stacking_default\"><div class=\"wpb_column vc_column_container us_custom_ffa3734e has_bg_color\"><div class=\"vc_column-inner\"><div class=\"wpb_text_column color-white\"><div class=\"wpb_wrapper\"><p>\u2022 <a href=\"#industriekaufmann-frau\">Auszubildende f\u00fcr den Beruf Industriekaufmann\/ -frau &gt;<\/a><br \/>\n\u2022 <a href=\"#metalltechnik\">Auszubildende f\u00fcr den Beruf Fachkraft f\u00fcr Metalltechnik &gt;<\/a><br \/>\n\u2022 <a href=\"#lagerlogistik\">Auszubildende f\u00fcr den Beruf Fachkraft f\u00fcr Lagerlogistk &gt;<\/a><br \/>\n\u2022 <a href=\"#fachlagerist-in\">Auszubildende f\u00fcr den Beruf Fachlagerist\/ -in &gt;<\/a><br \/>\n\u2022 <a href=\"#konstruktionsmechaniker-in\">Auszubildende f\u00fcr den Beruf Konstruktionsmechaniker\/ -in &gt;<\/a><\/p>\n<\/div><\/div><\/div><\/div><div class=\"wpb_column vc_column_container\"><div class=\"vc_column-inner\"><\/div><\/div><\/div><\/div><\/section><section class=\"l-section wpb_row us_custom_62427d55 height_medium\" id=\"industriekaufmann-frau\"><div class=\"l-section-h i-cf\"><div class=\"g-cols vc_row via_grid cols_1 laptops-cols_inherit tablets-cols_inherit mobiles-cols_1 valign_top type_default stacking_default\"><div class=\"wpb_column vc_column_container\"><div class=\"vc_column-inner\"><div class=\"w-separator gradient-line-whitebg no-top-margin gradient-width-100 size_small with_line width_screen thick_2 style_solid color_border align_left with_text with_content\"><div class=\"w-separator-h\"><h2 class=\"w-separator-text\"><span>AUSZUBILDENDE(R) Industriekaufmann\/ -frau<\/span><\/h2><\/div><\/div><div class=\"wpb_text_column us_custom_4de3ce74\"><div class=\"wpb_wrapper\"><p>Industriekaufleute befassen sich in Unternehmen aller Branchen mit kaufm\u00e4nnischbetriebswirtschaftlichen Aufgabenbereichen wie Materialwirtschaft, Vertrieb und Marketing, Personal- sowie Finanz- und Rechnungswesen.<br \/>\nSie arbeiten in Unternehmen nahezu aller Wirtschaftsbereiche. Industriekaufmann\/-frau ist ein anerkannter Ausbildungsberuf nach dem Berufsbildungsgesetz (BbiG).<br \/>\nDie Ausbildung ist bundesweit 3-j\u00e4hrig geregelt.<\/p>\n<\/div><\/div><div class=\"wpb_text_column\"><div class=\"wpb_wrapper\"><p><strong>WAS WIR ERWARTEN<br \/>\n<\/strong>Wir erwarten von den Auszubildenden einen guten Schulabschluss. Das Interesse an Ihrem Ausbildungsberuf sollte idealerweise durch entsprechende Praktika dokumentiert sein.<strong><br \/>\n<\/strong><\/p>\n<\/div><\/div><div class=\"g-cols wpb_row us_custom_2dbf7b3f via_grid cols_2 laptops-cols_inherit tablets-cols_inherit mobiles-cols_1 valign_top type_default stacking_default\"><div class=\"wpb_column vc_column_container\"><div class=\"vc_column-inner\"><div class=\"wpb_text_column us_custom_b91424ac color-grey no-bottom-margin\"><div class=\"wpb_wrapper\"><p><strong>Wichtig sind f\u00fcr uns folgende pers\u00f6nliche und soziale Kompetenzen:<\/strong><\/p>\n<\/div><\/div><div class=\"wpb_text_column\"><div class=\"wpb_wrapper\"><p>\u2022 Zuverl\u00e4ssigkeit und Verantwortungsbereitschaft<br \/>\n\u2022 Lern- und Leistungsbereitschaft<br \/>\n\u2022 Ausdauer, Durchhalteverm\u00f6gen, Belastbarkeit<br \/>\n\u2022 Sorgfalt und Gewissenhaftigkeit<br \/>\n\u2022 Kritikf\u00e4higkeit<\/p>\n<\/div><\/div><\/div><\/div><div class=\"wpb_column vc_column_container\"><div class=\"vc_column-inner\"><div class=\"wpb_text_column us_custom_b91424ac color-grey no-bottom-margin\"><div class=\"wpb_wrapper\"><p><strong>Speziell bei der kaufm\u00e4nnischen Ausbildung erwarten wir folgende fachlichen Kompetenzen<\/strong><\/p>\n<\/div><\/div><div class=\"wpb_text_column\"><div class=\"wpb_wrapper\"><p>\u2022 gute Beherrschung der deutschen Sprache in Wort und Schrift<br \/>\n\u2022 Beherrschung Rechentechniken<br \/>\n\u2022 Grundkenntnisse wirtschaftlicher Zusammenh\u00e4nge<br \/>\n\u2022 Kenntnisse in Englisch oder einer anderen Fremdsprache<br \/>\n\u2022 Mindestens erweiterter Realschulabschluss<\/p>\n<\/div><\/div><\/div><\/div><\/div><div class=\"wpb_text_column us_custom_2dbf7b3f\"><div class=\"wpb_wrapper\"><p><strong>WAS WIR BIETEN<br \/>\n<\/strong>Wir bieten Ihnen einen sicheren und interessanten Ausbildungsplatz bei einem international t\u00e4tigen Familienunternehmen zu markt\u00fcblichen Konditionen. Wir bieten langj\u00e4hrige Ausbildungserfahrung mit erfahrenen Ausbildern in einem technisch interessanten Umfeld.<br \/>\nWir \u00fcbernehmen unsere Auszubildenden nach Eignung und Bedarf.<strong><br \/>\n<\/strong><\/p>\n<\/div><\/div><div class=\"g-cols wpb_row via_grid cols_2 laptops-cols_inherit tablets-cols_inherit mobiles-cols_1 valign_bottom type_default stacking_default\"><div class=\"wpb_column vc_column_container\"><div class=\"vc_column-inner\"><div class=\"wpb_text_column\"><div class=\"wpb_wrapper\"><p><strong>KONTAKT:<br \/>\n<\/strong>Ziehl mewa Rohrgestellbau und Beschl\u00e4gefabrik GmbH<br \/>\nLinsenberg 23 06618 Naumburg<br \/>\nTel: <a href=\"tel:00493445709210\">+49 3445 709 210<\/a><br \/>\nFax: +49 3445 709 222<br \/>\nEmail: <a href=\"mailto:info@ziehl-mewa.de\">info@ziehl-mewa.de<\/a><br \/>\nWeb: <a href=\"https:\/\/www.ziehl-mewa.de\">www.ziehl-mewa.de<\/a><\/p>\n<\/div><\/div><\/div><\/div><div class=\"wpb_column vc_column_container\"><div class=\"vc_column-inner\"><div class=\"w-btn-wrapper align_none\"><a class=\"w-btn us-btn-style_1 us_custom_a5c88937\" target=\"_blank\" href=\"\/wp-content\/uploads\/2018\/10\/industriekaufmann.pdf\" rel=\"noopener\"><span class=\"w-btn-label\">Stellenanzeige downloaden &gt;<\/span><\/a><\/div><\/div><\/div><\/div><\/div><\/div><\/div><\/div><\/section><section class=\"l-section wpb_row us_custom_62427d55 height_medium\" id=\"metalltechnik\"><div class=\"l-section-h i-cf\"><div class=\"g-cols vc_row via_grid cols_1 laptops-cols_inherit tablets-cols_inherit mobiles-cols_1 valign_top type_default stacking_default\"><div class=\"wpb_column vc_column_container\"><div class=\"vc_column-inner\"><div class=\"w-separator gradient-line-whitebg no-top-margin gradient-width-100 size_small with_line width_screen thick_2 style_solid color_border align_left with_text with_content\"><div class=\"w-separator-h\"><h2 class=\"w-separator-text\"><span>AUSZUBILDENDE(R) Fachkraft f\u00fcr Metalltechnik<\/span><\/h2><\/div><\/div><div class=\"wpb_text_column us_custom_4de3ce74\"><div class=\"wpb_wrapper\"><p>Fachkr\u00e4fte f\u00fcr Metalltechnik der Fachrichtung Konstruktionstechnik be- und verarbeiten Bleche, Rohre und Profile, um daraus Ma\u00dfkonstruktionen aller Art herzustellen. Sie stellen die Einzelteile dieser Konstruktionen her und schneiden dazu z.B. Bleche nach Ma\u00df, biegen sie und bringen Bohrungen an.<br \/>\nAu\u00dferdem warten sie die verwendeten Maschinen und pflegen sie. T\u00e4tigkeitsfelder, z.B. im Maschinen \u2013 und Werkzeugbau oder bei Herstellern von B\u00fcromaschinen und Rundfunkger\u00e4ten.<br \/>\nFachkr\u00e4fte f\u00fcr Metalltechnik ist ein anerkannter Ausbildungsberuf nach dem Berufsbildungsgesetz (BbiG). Die Ausbildung ist bundesweit 2-j\u00e4hrig geregelt. Fortsetzungsm\u00f6glichkeiten der Ausbildung zum Konstruktionsmechaniker bei entsprechender Leistung ist m\u00f6glich (3 \u00bd &#8211; j\u00e4hrige Ausbildung).<\/p>\n<\/div><\/div><div class=\"wpb_text_column\"><div class=\"wpb_wrapper\"><p><strong>WAS WIR ERWARTEN<\/strong><br \/>\nWir erwarten von den Auszubildenden einen guten Schulabschluss. Das Interesse an Ihrem Ausbildungsberuf sollte idealerweise durch entsprechende Praktika dokumentiert sein.<\/p>\n<\/div><\/div><div class=\"g-cols wpb_row us_custom_2dbf7b3f via_grid cols_1 laptops-cols_inherit tablets-cols_inherit mobiles-cols_1 valign_top type_default stacking_default\"><div class=\"wpb_column vc_column_container\"><div class=\"vc_column-inner\"><div class=\"wpb_text_column us_custom_b91424ac color-grey no-bottom-margin\"><div class=\"wpb_wrapper\"><p><strong>Wichtig sind f\u00fcr uns folgende pers\u00f6nliche und soziale Kompetenzen:<\/strong><\/p>\n<\/div><\/div><div class=\"wpb_text_column\"><div class=\"wpb_wrapper\"><p>\u2022 Zuverl\u00e4ssigkeit und Verantwortungsbereitschaft<br \/>\n\u2022 Lern- und Leistungsbereitschaft<br \/>\n\u2022 Ausdauer, Durchhalteverm\u00f6gen, Belastbarkeit<br \/>\n\u2022 Sorgfalt und Gewissenhaftigkeit<br \/>\n\u2022 Kritikf\u00e4higkeit<\/p>\n<\/div><\/div><\/div><\/div><\/div><div class=\"wpb_text_column us_custom_2dbf7b3f\"><div class=\"wpb_wrapper\"><p><strong>WAS WIR BIETEN<br \/>\n<\/strong>Wir bieten Ihnen einen sicheren und interessanten Ausbildungsplatz bei einem international t\u00e4tigen Familienunternehmen zu markt\u00fcblichen Konditionen. Wir bieten langj\u00e4hrige Ausbildungserfahrung mit erfahrenen Ausbildern in einem technisch interessanten Umfeld.<br \/>\nWir \u00fcbernehmen unsere Auszubildenden nach Eignung und Bedarf.<strong><br \/>\n<\/strong><\/p>\n<\/div><\/div><div class=\"g-cols wpb_row via_grid cols_2 laptops-cols_inherit tablets-cols_inherit mobiles-cols_1 valign_bottom type_default stacking_default\"><div class=\"wpb_column vc_column_container\"><div class=\"vc_column-inner\"><div class=\"wpb_text_column\"><div class=\"wpb_wrapper\"><p><strong>KONTAKT:<br \/>\n<\/strong>Ziehl mewa Rohrgestellbau und Beschl\u00e4gefabrik GmbH<br \/>\nLinsenberg 23 06618 Naumburg<br \/>\nTel: <a href=\"tel:00493445709210\">+49 3445 709 210<\/a><br \/>\nFax: +49 3445 709 222<br \/>\nEmail: <a href=\"mailto:info@ziehl-mewa.de\">info@ziehl-mewa.de<\/a><br \/>\nWeb: <a href=\"https:\/\/www.ziehl-mewa.de\">www.ziehl-mewa.de<\/a><\/p>\n<\/div><\/div><\/div><\/div><div class=\"wpb_column vc_column_container\"><div class=\"vc_column-inner\"><div class=\"w-btn-wrapper align_none\"><a class=\"w-btn us-btn-style_1 us_custom_a5c88937\" target=\"_blank\" href=\"\/wp-content\/uploads\/2018\/10\/fachkraft_fuer_metalltechnik.pdf\" rel=\"noopener\"><span class=\"w-btn-label\">Stellenanzeige downloaden &gt;<\/span><\/a><\/div><\/div><\/div><\/div><\/div><\/div><\/div><\/div><\/section><section class=\"l-section wpb_row us_custom_62427d55 height_medium\" id=\"lagerlogistik\"><div class=\"l-section-h i-cf\"><div class=\"g-cols vc_row via_grid cols_1 laptops-cols_inherit tablets-cols_inherit mobiles-cols_1 valign_top type_default stacking_default\"><div class=\"wpb_column vc_column_container\"><div class=\"vc_column-inner\"><div class=\"w-separator gradient-line-whitebg no-top-margin gradient-width-100 size_small with_line width_screen thick_2 style_solid color_border align_left with_text with_content\"><div class=\"w-separator-h\"><h2 class=\"w-separator-text\"><span>AUSZUBILDENDE(R) Fachkraft f\u00fcr Lagerlogistik<\/span><\/h2><\/div><\/div><div class=\"wpb_text_column us_custom_4de3ce74\"><div class=\"wpb_wrapper\"><p>Fachkr\u00e4fte f\u00fcr Lagerlogistik schlagen G\u00fcter um, lagern sie fachgerecht und wirken bei logistischen Planungs- und Organisationsprozessen mit.<br \/>\nSie sind in allen Branchen besch\u00e4ftigt. Infrage kommen dabei alle Betriebe, die \u00fcber eine Lagerhaltung verf\u00fcgen.<br \/>\nFachkraft f\u00fcr Lagerlogistik ist ein anerkannter Ausbildungsberuf nach dem Berufsbildungsgesetz (BbiG). Die Ausbildung ist bundesweit 3-j\u00e4hrig geregelt.<\/p>\n<\/div><\/div><div class=\"wpb_text_column\"><div class=\"wpb_wrapper\"><p><strong>WAS WIR ERWARTEN<\/strong><br \/>\nWir erwarten von den Auszubildenden einen guten Schulabschluss. Das Interesse an Ihrem Ausbildungsberuf sollte idealerweise durch entsprechende Praktika dokumentiert sein.<\/p>\n<\/div><\/div><div class=\"g-cols wpb_row us_custom_2dbf7b3f via_grid cols_1 laptops-cols_inherit tablets-cols_inherit mobiles-cols_1 valign_top type_default stacking_default\"><div class=\"wpb_column vc_column_container\"><div class=\"vc_column-inner\"><div class=\"wpb_text_column us_custom_b91424ac color-grey no-bottom-margin\"><div class=\"wpb_wrapper\"><p><strong>Wichtig sind f\u00fcr uns folgende pers\u00f6nliche und soziale Kompetenzen:<\/strong><\/p>\n<\/div><\/div><div class=\"wpb_text_column\"><div class=\"wpb_wrapper\"><p>\u2022 Zuverl\u00e4ssigkeit und Verantwortungsbereitschaft<br \/>\n\u2022 Lern- und Leistungsbereitschaft<br \/>\n\u2022 Ausdauer, Durchhalteverm\u00f6gen, Belastbarkeit<br \/>\n\u2022 Sorgfalt und Gewissenhaftigkeit<br \/>\n\u2022 Kritikf\u00e4higkeit<\/p>\n<\/div><\/div><\/div><\/div><\/div><div class=\"wpb_text_column us_custom_2dbf7b3f\"><div class=\"wpb_wrapper\"><p><strong>WAS WIR BIETEN<br \/>\n<\/strong>Wir bieten Ihnen einen sicheren und interessanten Ausbildungsplatz bei einem international t\u00e4tigen Familienunternehmen zu markt\u00fcblichen Konditionen. Wir bieten langj\u00e4hrige Ausbildungserfahrung mit erfahrenen Ausbildern in einem technisch interessanten Umfeld.<br \/>\nWir \u00fcbernehmen unsere Auszubildenden nach Eignung und Bedarf.<strong><br \/>\n<\/strong><\/p>\n<\/div><\/div><div class=\"g-cols wpb_row via_grid cols_2 laptops-cols_inherit tablets-cols_inherit mobiles-cols_1 valign_bottom type_default stacking_default\"><div class=\"wpb_column vc_column_container\"><div class=\"vc_column-inner\"><div class=\"wpb_text_column\"><div class=\"wpb_wrapper\"><p><strong>KONTAKT:<br \/>\n<\/strong>Ziehl mewa Rohrgestellbau und Beschl\u00e4gefabrik GmbH<br \/>\nLinsenberg 23 06618 Naumburg<br \/>\nTel: <a href=\"tel:00493445709210\">+49 3445 709 210<\/a><br \/>\nFax: +49 3445 709 222<br \/>\nEmail: <a href=\"mailto:info@ziehl-mewa.de\">info@ziehl-mewa.de<\/a><br \/>\nWeb: <a href=\"https:\/\/www.ziehl-mewa.de\">www.ziehl-mewa.de<\/a><\/p>\n<\/div><\/div><\/div><\/div><div class=\"wpb_column vc_column_container\"><div class=\"vc_column-inner\"><div class=\"w-btn-wrapper align_none\"><a class=\"w-btn us-btn-style_1 us_custom_a5c88937\" target=\"_blank\" href=\"\/wp-content\/uploads\/2018\/10\/fachkraft_fuer_lagerlogistik.pdf\" rel=\"noopener\"><span class=\"w-btn-label\">Stellenanzeige downloaden &gt;<\/span><\/a><\/div><\/div><\/div><\/div><\/div><\/div><\/div><\/div><\/section><section class=\"l-section wpb_row us_custom_62427d55 height_medium\" id=\"fachlagerist-in\"><div class=\"l-section-h i-cf\"><div class=\"g-cols vc_row via_grid cols_1 laptops-cols_inherit tablets-cols_inherit mobiles-cols_1 valign_top type_default stacking_default\"><div class=\"wpb_column vc_column_container\"><div class=\"vc_column-inner\"><div class=\"w-separator gradient-line-whitebg no-top-margin gradient-width-100 size_small with_line width_screen thick_2 style_solid color_border align_left with_text with_content\"><div class=\"w-separator-h\"><h2 class=\"w-separator-text\"><span>AUSZUBILDENDE(R) Fachlagerist\/-in<\/span><\/h2><\/div><\/div><div class=\"wpb_text_column us_custom_4de3ce74\"><div class=\"wpb_wrapper\"><p>Fachlageristen und \u2013lageristinnen nehmen Waren an und lagern diese sachgerecht. Sie stellen Lieferungen f\u00fcr den Versand zusammen bzw. leiten G\u00fcter an die entsprechenden Stellen im Betrieb weiter.<br \/>\nSie arbeiten haupts\u00e4chlich bei Speditionsbetrieben und anderen Logistikdienstleistern. Dar\u00fcber hinaus k\u00f6nnen sie in Industrie- und Handelsunternehmen unterschiedlichster Wirtschaftsbereiche t\u00e4tig sein.<br \/>\nFachlagerist\/-in ist ein anerkannter Ausbildungsberuf nach dem Berufsbildungsgesetz (BbiG). Die Ausbildung ist bundesweit 2-j\u00e4hrig geregelt. Sie kann ggf. durch die darauf aufbauende Ausbildung Fachkraft f\u00fcr Lagerlogistik erg\u00e4nzt werden.<\/p>\n<\/div><\/div><div class=\"wpb_text_column\"><div class=\"wpb_wrapper\"><p><strong>WAS WIR ERWARTEN<\/strong><br \/>\nWir erwarten von den Auszubildenden einen guten Schulabschluss. Das Interesse an Ihrem Ausbildungsberuf sollte idealerweise durch entsprechende Praktika dokumentiert sein.<\/p>\n<\/div><\/div><div class=\"g-cols wpb_row us_custom_2dbf7b3f via_grid cols_1 laptops-cols_inherit tablets-cols_inherit mobiles-cols_1 valign_top type_default stacking_default\"><div class=\"wpb_column vc_column_container\"><div class=\"vc_column-inner\"><div class=\"wpb_text_column us_custom_b91424ac color-grey no-bottom-margin\"><div class=\"wpb_wrapper\"><p><strong>Wichtig sind f\u00fcr uns folgende pers\u00f6nliche und soziale Kompetenzen:<\/strong><\/p>\n<\/div><\/div><div class=\"wpb_text_column\"><div class=\"wpb_wrapper\"><p>\u2022 Zuverl\u00e4ssigkeit und Verantwortungsbereitschaft<br \/>\n\u2022 Lern- und Leistungsbereitschaft<br \/>\n\u2022 Ausdauer, Durchhalteverm\u00f6gen, Belastbarkeit<br \/>\n\u2022 Sorgfalt und Gewissenhaftigkeit<br \/>\n\u2022 Kritikf\u00e4higkeit<\/p>\n<\/div><\/div><\/div><\/div><\/div><div class=\"wpb_text_column us_custom_2dbf7b3f\"><div class=\"wpb_wrapper\"><p><strong>WAS WIR BIETEN<br \/>\n<\/strong>Wir bieten Ihnen einen sicheren und interessanten Ausbildungsplatz bei einem international t\u00e4tigen Familienunternehmen zu markt\u00fcblichen Konditionen. Wir bieten langj\u00e4hrige Ausbildungserfahrung mit erfahrenen Ausbildern in einem technisch interessanten Umfeld.<br \/>\nWir \u00fcbernehmen unsere Auszubildenden nach Eignung und Bedarf.<strong><br \/>\n<\/strong><\/p>\n<\/div><\/div><div class=\"g-cols wpb_row via_grid cols_2 laptops-cols_inherit tablets-cols_inherit mobiles-cols_1 valign_bottom type_default stacking_default\"><div class=\"wpb_column vc_column_container\"><div class=\"vc_column-inner\"><div class=\"wpb_text_column\"><div class=\"wpb_wrapper\"><p><strong>KONTAKT:<br \/>\n<\/strong>Ziehl mewa Rohrgestellbau und Beschl\u00e4gefabrik GmbH<br \/>\nLinsenberg 23 06618 Naumburg<br \/>\nTel: <a href=\"tel:00493445709210\">+49 3445 709 210<\/a><br \/>\nFax: +49 3445 709 222<br \/>\nEmail: <a href=\"mailto:info@ziehl-mewa.de\">info@ziehl-mewa.de<\/a><br \/>\nWeb: <a href=\"https:\/\/www.ziehl-mewa.de\">www.ziehl-mewa.de<\/a><\/p>\n<\/div><\/div><\/div><\/div><div class=\"wpb_column vc_column_container\"><div class=\"vc_column-inner\"><div class=\"w-btn-wrapper align_none\"><a class=\"w-btn us-btn-style_1 us_custom_a5c88937\" target=\"_blank\" href=\"\/wp-content\/uploads\/2018\/10\/fachlageristin.pdf\" rel=\"noopener\"><span class=\"w-btn-label\">Stellenanzeige downloaden &gt;<\/span><\/a><\/div><\/div><\/div><\/div><\/div><\/div><\/div><\/div><\/section><section class=\"l-section wpb_row us_custom_62427d55 height_medium\" id=\"konstruktionsmechaniker-in\"><div class=\"l-section-h i-cf\"><div class=\"g-cols vc_row via_grid cols_1 laptops-cols_inherit tablets-cols_inherit mobiles-cols_1 valign_top type_default stacking_default\"><div class=\"wpb_column vc_column_container\"><div class=\"vc_column-inner\"><div class=\"w-separator gradient-line-whitebg no-top-margin gradient-width-100 size_small with_line width_screen thick_2 style_solid color_border align_left with_text with_content\"><div class=\"w-separator-h\"><h2 class=\"w-separator-text\"><span>AUSZUBILDENDE(R) Konstruktionsmechaniker\/-in<\/span><\/h2><\/div><\/div><div class=\"wpb_text_column us_custom_4de3ce74\"><div class=\"wpb_wrapper\"><p>Konstruktionsmechaniker\/-innen stellen Stahlbau- und Blechkonstruktionen sowie F\u00f6rderanlagen her. Dazu fertigen sie mithilfe manueller und maschineller Verfahren einzelne Bauteile aus Blechen, Profilen sowie Rohren und montieren diese.<br \/>\nSie arbeiten in erster Linie in Unternehmen des Metallbaus, des Maschinen- und Fahrzeugbaus sowie im Baugewerbe.<br \/>\nKonstruktionsmechaniker\/-innen ist ein anerkannter Ausbildungsberuf nach dem Berufsbildungsgesetz (BbiG). Die Ausbildung ist bundesweit 3 \u00bd-j\u00e4hrig geregelt.<\/p>\n<\/div><\/div><div class=\"wpb_text_column\"><div class=\"wpb_wrapper\"><p><strong>WAS WIR ERWARTEN<\/strong><br \/>\nWir erwarten von den Auszubildenden einen guten Schulabschluss. Das Interesse an Ihrem Ausbildungsberuf sollte idealerweise durch entsprechende Praktika dokumentiert sein.<\/p>\n<\/div><\/div><div class=\"g-cols wpb_row us_custom_2dbf7b3f via_grid cols_1 laptops-cols_inherit tablets-cols_inherit mobiles-cols_1 valign_top type_default stacking_default\"><div class=\"wpb_column vc_column_container\"><div class=\"vc_column-inner\"><div class=\"wpb_text_column us_custom_b91424ac color-grey no-bottom-margin\"><div class=\"wpb_wrapper\"><p><strong>Wichtig sind f\u00fcr uns folgende pers\u00f6nliche und soziale Kompetenzen:<\/strong><\/p>\n<\/div><\/div><div class=\"wpb_text_column\"><div class=\"wpb_wrapper\"><p>\u2022 Zuverl\u00e4ssigkeit und Verantwortungsbereitschaft<br \/>\n\u2022 Lern- und Leistungsbereitschaft<br \/>\n\u2022 Ausdauer, Durchhalteverm\u00f6gen, Belastbarkeit<br \/>\n\u2022 Sorgfalt und Gewissenhaftigkeit<br \/>\n\u2022 Kritikf\u00e4higkeit<\/p>\n<\/div><\/div><\/div><\/div><\/div><div class=\"wpb_text_column us_custom_2dbf7b3f\"><div class=\"wpb_wrapper\"><p><strong>WAS WIR BIETEN<br \/>\n<\/strong>Wir bieten Ihnen einen sicheren und interessanten Ausbildungsplatz bei einem international t\u00e4tigen Familienunternehmen zu markt\u00fcblichen Konditionen. Wir bieten langj\u00e4hrige Ausbildungserfahrung mit erfahrenen Ausbildern in einem technisch interessanten Umfeld.<br \/>\nWir \u00fcbernehmen unsere Auszubildenden nach Eignung und Bedarf.<strong><br \/>\n<\/strong><\/p>\n<\/div><\/div><div class=\"g-cols wpb_row via_grid cols_2 laptops-cols_inherit tablets-cols_inherit mobiles-cols_1 valign_bottom type_default stacking_default\"><div class=\"wpb_column vc_column_container\"><div class=\"vc_column-inner\"><div class=\"wpb_text_column\"><div class=\"wpb_wrapper\"><p><strong>KONTAKT:<br \/>\n<\/strong>Ziehl mewa Rohrgestellbau und Beschl\u00e4gefabrik GmbH<br \/>\nLinsenberg 23 06618 Naumburg<br \/>\nTel: <a href=\"tel:00493445709210\">+49 3445 709 210<\/a><br \/>\nFax: +49 3445 709 222<br \/>\nEmail: <a href=\"mailto:info@ziehl-mewa.de\">info@ziehl-mewa.de<\/a><br \/>\nWeb: <a href=\"https:\/\/www.ziehl-mewa.de\">www.ziehl-mewa.de<\/a><\/p>\n<\/div><\/div><\/div><\/div><div class=\"wpb_column vc_column_container\"><div class=\"vc_column-inner\"><div class=\"w-btn-wrapper align_none\"><a class=\"w-btn us-btn-style_1 us_custom_a5c88937\" target=\"_blank\" href=\"\/wp-content\/uploads\/2018\/10\/konstruktionsmechaniker.pdf\" rel=\"noopener\"><span class=\"w-btn-label\">Stellenanzeige downloaden &gt;<\/span><\/a><\/div><\/div><\/div><\/div><\/div><\/div><\/div><\/div><\/section><section class=\"l-section wpb_row height_medium\"><div class=\"l-section-h i-cf\"><div class=\"g-cols vc_row via_grid cols_1 laptops-cols_inherit tablets-cols_inherit mobiles-cols_1 valign_top type_default stacking_default\"><div class=\"wpb_column vc_column_container\"><div class=\"vc_column-inner\"><div class=\"w-separator size_custom\" style=\"height:100px\"><\/div><\/div><\/div><\/div><\/div><\/section>\n","protected":false},"excerpt":{"rendered":"STELLENANGEBOTE Aktuell bieten wir Ihnen folgende Stellen an. \u2022 Auszubildende f\u00fcr den Beruf Industriekaufmann\/ -frau &gt; \u2022 Auszubildende f\u00fcr den Beruf Fachkraft f\u00fcr Metalltechnik &gt; \u2022 Auszubildende f\u00fcr den Beruf Fachkraft f\u00fcr Lagerlogistk &gt; \u2022 Auszubildende f\u00fcr den Beruf Fachlagerist\/ -in &gt; \u2022 Auszubildende f\u00fcr den Beruf Konstruktionsmechaniker\/ -in &gt; AUSZUBILDENDE(R) Industriekaufmann\/ -frauIndustriekaufleute befassen sich...","protected":false},"author":1,"featured_media":0,"parent":0,"menu_order":0,"comment_status":"closed","ping_status":"closed","template":"","meta":[],"aioseo_notices":[],"_links":{"self":[{"href":"https:\/\/ziehl-mewa.de\/en\/wp-json\/wp\/v2\/pages\/7149"}],"collection":[{"href":"https:\/\/ziehl-mewa.de\/en\/wp-json\/wp\/v2\/pages"}],"about":[{"href":"https:\/\/ziehl-mewa.de\/en\/wp-json\/wp\/v2\/types\/page"}],"author":[{"embeddable":true,"href":"https:\/\/ziehl-mewa.de\/en\/wp-json\/wp\/v2\/users\/1"}],"replies":[{"embeddable":true,"href":"https:\/\/ziehl-mewa.de\/en\/wp-json\/wp\/v2\/comments?post=7149"}],"version-history":[{"count":5,"href":"https:\/\/ziehl-mewa.de\/en\/wp-json\/wp\/v2\/pages\/7149\/revisions"}],"predecessor-version":[{"id":7889,"href":"https:\/\/ziehl-mewa.de\/en\/wp-json\/wp\/v2\/pages\/7149\/revisions\/7889"}],"wp:attachment":[{"href":"https:\/\/ziehl-mewa.de\/en\/wp-json\/wp\/v2\/media?parent=7149"}],"curies":[{"name":"wp","href":"https:\/\/api.w.org\/{rel}","templated":true}]}}